{"id":1511,"date":"2025-07-03T07:32:09","date_gmt":"2025-07-03T07:32:09","guid":{"rendered":"https:\/\/furuioffsetink.com\/?page_id=1511"},"modified":"2025-07-06T23:07:00","modified_gmt":"2025-07-06T23:07:00","slug":"about-us","status":"publish","type":"page","link":"https:\/\/furuioffsetink.com\/ro\/about-us\/","title":{"rendered":"Despre noi"},"content":{"rendered":"<div data-elementor-type=\"wp-page\" data-elementor-id=\"1511\" class=\"elementor elementor-1511\" data-elementor-post-type=\"page\">\n\t\t\t\t<div class=\"elementor-element elementor-element-5b47cb91 e-con-full e-flex e-con e-parent\" data-id=\"5b47cb91\" data-element_type=\"container\">\n\t\t<div class=\"elementor-element elementor-element-2c15fc54 e-con-full e-flex e-con e-child\" data-id=\"2c15fc54\" data-element_type=\"container\">\n\t\t<div class=\"elementor-element elementor-element-2247e846 e-con-full e-flex e-con e-child\" data-id=\"2247e846\" data-element_type=\"container\">\n\t\t<div class=\"elementor-element elementor-element-13b39b7d e-con-full e-flex e-con e-child\" data-id=\"13b39b7d\" data-element_type=\"container\">\n\t\t\t\t<div class=\"elementor-element elementor-element-60adda1e elementor-widget elementor-widget-heading\" data-id=\"60adda1e\" data-element_type=\"widget\" data-widget_type=\"heading.default\">\n\t\t\t\t\t<h2 class=\"elementor-heading-title elementor-size-default\">DESPRE NOI<\/h2>\t\t\t\t<\/div>\n\t\t\t\t<div class=\"elementor-element elementor-element-3339439f elementor-widget elementor-widget-text-editor\" data-id=\"3339439f\" data-element_type=\"widget\" data-widget_type=\"text-editor.default\">\n\t\t\t\t\t\t\t\t\t<p>Druckmeister &amp; Spera este o companie de imprimare de top cu sediul central \u00een Zhongshan, sudul Chinei, \u00een apropiere de Hong Kong. \u00cen calitate de societate mam\u0103, aceasta supravegheaz\u0103 opera\u021biunile globale, \u00een timp ce filiala sa, Guangzhou Furui Printing Materials Co., Ltd., conduce v\u00e2nz\u0103rile interna\u021bionale, dezvoltarea afacerilor \u0219i extinderea strategic\u0103.<\/p><p>Cu o prezen\u021b\u0103 puternic\u0103 \u00een industria tipografic\u0103 din 2002, suntem specializa\u021bi \u00een fabricarea, distribu\u021bia \u0219i v\u00e2nzarea unei game complete de materiale de imprimare de \u00eenalt\u0103 calitate. Portofoliul nostru de produse include renumitele produse chimice Druckmeister &amp; Spera pentru s\u0103lile de tip\u0103rire, pulberi antiblocare, precum \u0219i cerneluri offset premium, pl\u0103ci de tip\u0103rire, p\u0103turi \u0219i alte consumabile esen\u021biale pentru tip\u0103rire, at\u00e2t pentru pia\u021ba intern\u0103, c\u00e2t \u0219i pentru cea global\u0103.<\/p><p>Toate produsele noastre sunt fabricate \u00een unit\u0103\u021bi de produc\u021bie de ultim\u0103 genera\u021bie din China \u0219i din str\u0103in\u0103tate, respect\u00e2nd standarde interna\u021bionale stricte pentru a asigura o calitate \u0219i o fiabilitate superioare. La Druckmeister &amp; Spera, misiunea noastr\u0103 este de a valorifica tehnologia de ultim\u0103 or\u0103 pentru a oferi solu\u021bii inovatoare care nu numai c\u0103 \u00eendeplinesc, ci \u0219i dep\u0103\u0219esc a\u0219tept\u0103rile clien\u021bilor no\u0219tri \u00een materie de performan\u021b\u0103, consecven\u021b\u0103 \u0219i durabilitate.<\/p><p>Dedica\u021bi excelen\u021bei, ne str\u0103duim s\u0103 construim rela\u021bii de afaceri durabile prin furnizarea unui suport tehnic de neegalat \u0219i a unor produse superioare. G\u00e2ndi\u021bi-v\u0103 la imprimare, g\u00e2ndi\u021bi-v\u0103 la Druckmeister &amp; Spera - unde inova\u021bia \u00eent\u00e2lne\u0219te excelen\u021ba.<\/p><p>Spera creeaz\u0103 o atitudine pozitiv\u0103.<\/p>\t\t\t\t\t\t\t\t<\/div>\n\t\t\t\t<\/div>\n\t\t<div class=\"elementor-element elementor-element-244fd543 e-con-full e-flex e-con e-child\" data-id=\"244fd543\" data-element_type=\"container\">\n\t\t\t\t<div class=\"elementor-element elementor-element-c4aaf57 elementor-widget elementor-widget-image\" data-id=\"c4aaf57\" data-element_type=\"widget\" data-widget_type=\"image.default\">\n\t\t\t\t\t\t\t\t\t\t\t\t\t\t\t<img fetchpriority=\"high\" decoding=\"async\" width=\"564\" height=\"369\" src=\"https:\/\/furuioffsetink.com\/wp-content\/uploads\/2025\/07\/Guangzhou-Bluewings-Technology-Home-About-us-Bg-2.jpg\" class=\"attachment-full size-full wp-image-14\" alt=\"\" srcset=\"https:\/\/furuioffsetink.com\/wp-content\/uploads\/2025\/07\/Guangzhou-Bluewings-Technology-Home-About-us-Bg-2.jpg 564w, https:\/\/furuioffsetink.com\/wp-content\/uploads\/2025\/07\/Guangzhou-Bluewings-Technology-Home-About-us-Bg-2-300x196.jpg 300w\" sizes=\"(max-width: 564px) 100vw, 564px\" \/>\t\t\t\t\t\t\t\t\t\t\t\t\t\t\t<\/div>\n\t\t\t\t<\/div>\n\t\t\t\t<\/div>\n\t\t<div class=\"elementor-element elementor-element-6ef1593a e-con-full e-flex e-con e-child\" data-id=\"6ef1593a\" data-element_type=\"container\">\n\t\t\t\t<div class=\"elementor-element elementor-element-328606ff elementor-widget elementor-widget-image\" data-id=\"328606ff\" data-element_type=\"widget\" data-widget_type=\"image.default\">\n\t\t\t\t\t\t\t\t\t\t\t\t\t\t\t<img decoding=\"async\" width=\"390\" height=\"270\" src=\"https:\/\/furuioffsetink.com\/wp-content\/uploads\/2025\/07\/Guangzhou-Bluewings-Technology-Home-About-us-Bg-3_Jc.jpg\" class=\"attachment-full size-full wp-image-15\" alt=\"\" srcset=\"https:\/\/furuioffsetink.com\/wp-content\/uploads\/2025\/07\/Guangzhou-Bluewings-Technology-Home-About-us-Bg-3_Jc.jpg 390w, https:\/\/furuioffsetink.com\/wp-content\/uploads\/2025\/07\/Guangzhou-Bluewings-Technology-Home-About-us-Bg-3_Jc-300x208.jpg 300w\" sizes=\"(max-width: 390px) 100vw, 390px\" \/>\t\t\t\t\t\t\t\t\t\t\t\t\t\t\t<\/div>\n\t\t\t\t<div class=\"elementor-element elementor-element-1253e5c0 elementor-widget elementor-widget-image\" data-id=\"1253e5c0\" data-element_type=\"widget\" data-widget_type=\"image.default\">\n\t\t\t\t\t\t\t\t\t\t\t\t\t\t\t<img decoding=\"async\" width=\"390\" height=\"270\" src=\"https:\/\/furuioffsetink.com\/wp-content\/uploads\/2025\/07\/Guangzhou-Bluewings-Technology-Home-About-us-Bg-4_Jc.jpg\" class=\"attachment-full size-full wp-image-16\" alt=\"\" srcset=\"https:\/\/furuioffsetink.com\/wp-content\/uploads\/2025\/07\/Guangzhou-Bluewings-Technology-Home-About-us-Bg-4_Jc.jpg 390w, https:\/\/furuioffsetink.com\/wp-content\/uploads\/2025\/07\/Guangzhou-Bluewings-Technology-Home-About-us-Bg-4_Jc-300x208.jpg 300w\" sizes=\"(max-width: 390px) 100vw, 390px\" \/>\t\t\t\t\t\t\t\t\t\t\t\t\t\t\t<\/div>\n\t\t\t\t<div class=\"elementor-element elementor-element-7601ae63 elementor-widget elementor-widget-image\" data-id=\"7601ae63\" data-element_type=\"widget\" data-widget_type=\"image.default\">\n\t\t\t\t\t\t\t\t\t\t\t\t\t\t\t<img loading=\"lazy\" decoding=\"async\" width=\"390\" height=\"270\" src=\"https:\/\/furuioffsetink.com\/wp-content\/uploads\/2025\/07\/Guangzhou-Bluewings-Technology-Home-About-us-Bg-5_Jc.jpg\" class=\"attachment-full size-full wp-image-17\" alt=\"\" srcset=\"https:\/\/furuioffsetink.com\/wp-content\/uploads\/2025\/07\/Guangzhou-Bluewings-Technology-Home-About-us-Bg-5_Jc.jpg 390w, https:\/\/furuioffsetink.com\/wp-content\/uploads\/2025\/07\/Guangzhou-Bluewings-Technology-Home-About-us-Bg-5_Jc-300x208.jpg 300w\" sizes=\"(max-width: 390px) 100vw, 390px\" \/>\t\t\t\t\t\t\t\t\t\t\t\t\t\t\t<\/div>\n\t\t\t\t<\/div>\n\t\t\t\t<\/div>\n\t\t\t\t<\/div>\n\t\t<div class=\"elementor-element elementor-element-322ef7f9 e-con-full e-flex e-con e-parent\" data-id=\"322ef7f9\" data-element_type=\"container\">\n\t\t<div class=\"elementor-element elementor-element-18224883 e-con-full e-flex e-con e-child\" data-id=\"18224883\" data-element_type=\"container\">\n\t\t\t\t<div class=\"elementor-element elementor-element-5b027492 elementor-arrows-position-inside elementor-pagination-position-outside elementor-widget elementor-widget-image-carousel\" data-id=\"5b027492\" data-element_type=\"widget\" data-settings=\"{&quot;slides_to_show&quot;:&quot;4&quot;,&quot;autoplay_speed&quot;:2000,&quot;navigation&quot;:&quot;both&quot;,&quot;autoplay&quot;:&quot;yes&quot;,&quot;pause_on_hover&quot;:&quot;yes&quot;,&quot;pause_on_interaction&quot;:&quot;yes&quot;,&quot;infinite&quot;:&quot;yes&quot;,&quot;speed&quot;:500}\" data-widget_type=\"image-carousel.default\">\n\t\t\t\t\t\t\t<div class=\"elementor-image-carousel-wrapper swiper\" role=\"region\" aria-roledescription=\"carousel\" aria-label=\"Carusel de imagini\" dir=\"ltr\">\n\t\t\t<div class=\"elementor-image-carousel swiper-wrapper\" aria-live=\"off\">\n\t\t\t\t\t\t\t\t<div class=\"swiper-slide\" role=\"group\" aria-roledescription=\"slide\" aria-label=\"1 dari 8\" data-no-translation-aria-label=\"\"><figure class=\"swiper-slide-inner\"><img decoding=\"async\" class=\"swiper-slide-image\" src=\"https:\/\/furuioffsetink.com\/wp-content\/uploads\/2025\/07\/Guangzhou-Bluewings-Technology-Home-About-us-1.jpg\" alt=\"Guangzhou-Bluewings-Technology-Home-About-us-1.jpg\" \/><\/figure><\/div><div class=\"swiper-slide\" role=\"group\" aria-roledescription=\"slide\" aria-label=\"2 dari 8\" data-no-translation-aria-label=\"\"><figure class=\"swiper-slide-inner\"><img decoding=\"async\" class=\"swiper-slide-image\" src=\"https:\/\/furuioffsetink.com\/wp-content\/uploads\/2025\/07\/Guangzhou-Bluewings-Technology-Home-About-us-2.jpg\" alt=\"Guangzhou-Bluewings-Technology-Home-About-us-2.jpg\" \/><\/figure><\/div><div class=\"swiper-slide\" role=\"group\" aria-roledescription=\"slide\" aria-label=\"3 dari 8\" data-no-translation-aria-label=\"\"><figure class=\"swiper-slide-inner\"><img decoding=\"async\" class=\"swiper-slide-image\" src=\"https:\/\/furuioffsetink.com\/wp-content\/uploads\/2025\/07\/Guangzhou-Bluewings-Technology-Home-About-us-3.jpg\" alt=\"Guangzhou-Bluewings-Technology-Home-About-us-3.jpg\" \/><\/figure><\/div><div class=\"swiper-slide\" role=\"group\" aria-roledescription=\"slide\" aria-label=\"4 dari 8\" data-no-translation-aria-label=\"\"><figure class=\"swiper-slide-inner\"><img decoding=\"async\" class=\"swiper-slide-image\" src=\"https:\/\/furuioffsetink.com\/wp-content\/uploads\/2025\/07\/Guangzhou-Bluewings-Technology-Home-About-us-4.jpg\" alt=\"Guangzhou-Bluewings-Technology-Home-About-us-4.jpg\" \/><\/figure><\/div><div class=\"swiper-slide\" role=\"group\" aria-roledescription=\"slide\" aria-label=\"5 dari 8\" data-no-translation-aria-label=\"\"><figure class=\"swiper-slide-inner\"><img decoding=\"async\" class=\"swiper-slide-image\" src=\"https:\/\/furuioffsetink.com\/wp-content\/uploads\/2025\/07\/Guangzhou-Bluewings-Technology-Home-About-us-5.jpg\" alt=\"Guangzhou-Bluewings-Technology-Home-About-us-5.jpg\" \/><\/figure><\/div><div class=\"swiper-slide\" role=\"group\" aria-roledescription=\"slide\" aria-label=\"6 dari 8\" data-no-translation-aria-label=\"\"><figure class=\"swiper-slide-inner\"><img decoding=\"async\" class=\"swiper-slide-image\" src=\"https:\/\/furuioffsetink.com\/wp-content\/uploads\/2025\/07\/Guangzhou-Bluewings-Technology-Home-About-us-6.jpg\" alt=\"Guangzhou-Bluewings-Technology-Home-About-us-6.jpg\" \/><\/figure><\/div><div class=\"swiper-slide\" role=\"group\" aria-roledescription=\"slide\" aria-label=\"7 dari 8\" data-no-translation-aria-label=\"\"><figure class=\"swiper-slide-inner\"><img decoding=\"async\" class=\"swiper-slide-image\" src=\"https:\/\/furuioffsetink.com\/wp-content\/uploads\/2025\/07\/Guangzhou-Bluewings-Technology-Home-About-us-7.jpg\" alt=\"Guangzhou-Bluewings-Technology-Home-About-us-7.jpg\" \/><\/figure><\/div><div class=\"swiper-slide\" role=\"group\" aria-roledescription=\"slide\" aria-label=\"8 dari 8\" data-no-translation-aria-label=\"\"><figure class=\"swiper-slide-inner\"><img decoding=\"async\" class=\"swiper-slide-image\" src=\"https:\/\/furuioffsetink.com\/wp-content\/uploads\/2025\/07\/Guangzhou-Bluewings-Technology-Home-About-us-8.jpg\" alt=\"Guangzhou-Bluewings-Technology-Home-About-us-8.jpg\" \/><\/figure><\/div>\t\t\t<\/div>\n\t\t\t\t\t\t\t\t\t\t\t\t<div class=\"elementor-swiper-button elementor-swiper-button-prev\" role=\"button\" tabindex=\"0\">\n\t\t\t\t\t\t<svg aria-hidden=\"true\" class=\"e-font-icon-svg e-eicon-chevron-left\" viewbox=\"0 0 1000 1000\" xmlns=\"http:\/\/www.w3.org\/2000\/svg\"><path d=\"M646 125C629 125 613 133 604 142L308 442C296 454 292 471 292 487 292 504 296 521 308 533L604 854C617 867 629 875 646 875 663 875 679 871 692 858 704 846 713 829 713 812 713 796 708 779 692 767L438 487 692 225C700 217 708 204 708 187 708 171 704 154 692 142 675 129 663 125 646 125Z\"><\/path><\/svg>\t\t\t\t\t<\/div>\n\t\t\t\t\t<div class=\"elementor-swiper-button elementor-swiper-button-next\" role=\"button\" tabindex=\"0\">\n\t\t\t\t\t\t<svg aria-hidden=\"true\" class=\"e-font-icon-svg e-eicon-chevron-right\" viewbox=\"0 0 1000 1000\" xmlns=\"http:\/\/www.w3.org\/2000\/svg\"><path d=\"M696 533C708 521 713 504 713 487 713 471 708 454 696 446L400 146C388 133 375 125 354 125 338 125 325 129 313 142 300 154 292 171 292 187 292 204 296 221 308 233L563 492 304 771C292 783 288 800 288 817 288 833 296 850 308 863 321 871 338 875 354 875 371 875 388 867 400 854L696 533Z\"><\/path><\/svg>\t\t\t\t\t<\/div>\n\t\t\t\t\n\t\t\t\t\t\t\t\t\t<div class=\"swiper-pagination\"><\/div>\n\t\t\t\t\t\t\t\t\t<\/div>\n\t\t\t\t\t\t<\/div>\n\t\t\t\t<\/div>\n\t\t\t\t<\/div>\n\t\t<div class=\"elementor-element elementor-element-7d33a671 e-con-full e-flex e-con e-parent\" data-id=\"7d33a671\" data-element_type=\"container\">\n\t\t<div class=\"elementor-element elementor-element-70672d31 e-con-full e-flex e-con e-child\" data-id=\"70672d31\" data-element_type=\"container\">\n\t\t\t\t<div class=\"elementor-element elementor-element-392603f5 elementor-widget elementor-widget-image\" data-id=\"392603f5\" data-element_type=\"widget\" data-widget_type=\"image.default\">\n\t\t\t\t\t\t\t\t\t\t\t\t\t\t\t<img loading=\"lazy\" decoding=\"async\" width=\"1600\" height=\"480\" src=\"https:\/\/furuioffsetink.com\/wp-content\/uploads\/2025\/07\/Guangzhou-Bluewings-Technology-Home-About-us-Bg-1.jpg\" class=\"attachment-full size-full wp-image-26\" alt=\"\" srcset=\"https:\/\/furuioffsetink.com\/wp-content\/uploads\/2025\/07\/Guangzhou-Bluewings-Technology-Home-About-us-Bg-1.jpg 1600w, https:\/\/furuioffsetink.com\/wp-content\/uploads\/2025\/07\/Guangzhou-Bluewings-Technology-Home-About-us-Bg-1-600x180.jpg 600w, https:\/\/furuioffsetink.com\/wp-content\/uploads\/2025\/07\/Guangzhou-Bluewings-Technology-Home-About-us-Bg-1-300x90.jpg 300w, https:\/\/furuioffsetink.com\/wp-content\/uploads\/2025\/07\/Guangzhou-Bluewings-Technology-Home-About-us-Bg-1-1024x307.jpg 1024w, https:\/\/furuioffsetink.com\/wp-content\/uploads\/2025\/07\/Guangzhou-Bluewings-Technology-Home-About-us-Bg-1-768x230.jpg 768w, https:\/\/furuioffsetink.com\/wp-content\/uploads\/2025\/07\/Guangzhou-Bluewings-Technology-Home-About-us-Bg-1-1536x461.jpg 1536w\" sizes=\"(max-width: 1600px) 100vw, 1600px\" \/>\t\t\t\t\t\t\t\t\t\t\t\t\t\t\t<\/div>\n\t\t\t\t<\/div>\n\t\t\t\t<\/div>\n\t\t<div class=\"elementor-element elementor-element-265a498f e-con-full e-flex e-con e-parent\" data-id=\"265a498f\" data-element_type=\"container\">\n\t\t<div class=\"elementor-element elementor-element-4861e7e6 e-con-full e-flex e-con e-child\" data-id=\"4861e7e6\" data-element_type=\"container\">\n\t\t\t\t<div class=\"elementor-element elementor-element-4a928603 elementor-widget elementor-widget-image\" data-id=\"4a928603\" data-element_type=\"widget\" data-widget_type=\"image.default\">\n\t\t\t\t\t\t\t\t\t\t\t\t\t\t\t<img loading=\"lazy\" decoding=\"async\" width=\"1600\" height=\"733\" src=\"https:\/\/furuioffsetink.com\/wp-content\/uploads\/2025\/07\/Guangzhou-Bluewings-Technology-Home-About-us-Bg-6.jpg\" class=\"attachment-full size-full wp-image-27\" alt=\"\" srcset=\"https:\/\/furuioffsetink.com\/wp-content\/uploads\/2025\/07\/Guangzhou-Bluewings-Technology-Home-About-us-Bg-6.jpg 1600w, https:\/\/furuioffsetink.com\/wp-content\/uploads\/2025\/07\/Guangzhou-Bluewings-Technology-Home-About-us-Bg-6-600x275.jpg 600w, https:\/\/furuioffsetink.com\/wp-content\/uploads\/2025\/07\/Guangzhou-Bluewings-Technology-Home-About-us-Bg-6-300x137.jpg 300w, https:\/\/furuioffsetink.com\/wp-content\/uploads\/2025\/07\/Guangzhou-Bluewings-Technology-Home-About-us-Bg-6-1024x469.jpg 1024w, https:\/\/furuioffsetink.com\/wp-content\/uploads\/2025\/07\/Guangzhou-Bluewings-Technology-Home-About-us-Bg-6-768x352.jpg 768w, https:\/\/furuioffsetink.com\/wp-content\/uploads\/2025\/07\/Guangzhou-Bluewings-Technology-Home-About-us-Bg-6-1536x704.jpg 1536w\" sizes=\"(max-width: 1600px) 100vw, 1600px\" \/>\t\t\t\t\t\t\t\t\t\t\t\t\t\t\t<\/div>\n\t\t\t\t<\/div>\n\t\t\t\t<\/div>\n\t\t<div class=\"elementor-element elementor-element-a901296 e-con-full e-flex e-con e-parent\" data-id=\"a901296\" data-element_type=\"container\">\n\t\t<div class=\"elementor-element elementor-element-25c0c5b3 e-con-full e-flex e-con e-child\" data-id=\"25c0c5b3\" data-element_type=\"container\">\n\t\t\t\t<div class=\"elementor-element elementor-element-44365013 elementor-widget elementor-widget-image\" data-id=\"44365013\" data-element_type=\"widget\" data-widget_type=\"image.default\">\n\t\t\t\t\t\t\t\t\t\t\t\t\t\t\t<img loading=\"lazy\" decoding=\"async\" width=\"1600\" height=\"975\" src=\"https:\/\/furuioffsetink.com\/wp-content\/uploads\/2025\/07\/Guangzhou-Bluewings-Technology-Home-About-us-Production-Process.jpg\" class=\"attachment-full size-full wp-image-28\" alt=\"\" srcset=\"https:\/\/furuioffsetink.com\/wp-content\/uploads\/2025\/07\/Guangzhou-Bluewings-Technology-Home-About-us-Production-Process.jpg 1600w, https:\/\/furuioffsetink.com\/wp-content\/uploads\/2025\/07\/Guangzhou-Bluewings-Technology-Home-About-us-Production-Process-600x366.jpg 600w, https:\/\/furuioffsetink.com\/wp-content\/uploads\/2025\/07\/Guangzhou-Bluewings-Technology-Home-About-us-Production-Process-300x183.jpg 300w, https:\/\/furuioffsetink.com\/wp-content\/uploads\/2025\/07\/Guangzhou-Bluewings-Technology-Home-About-us-Production-Process-1024x624.jpg 1024w, https:\/\/furuioffsetink.com\/wp-content\/uploads\/2025\/07\/Guangzhou-Bluewings-Technology-Home-About-us-Production-Process-768x468.jpg 768w, https:\/\/furuioffsetink.com\/wp-content\/uploads\/2025\/07\/Guangzhou-Bluewings-Technology-Home-About-us-Production-Process-1536x936.jpg 1536w\" sizes=\"(max-width: 1600px) 100vw, 1600px\" \/>\t\t\t\t\t\t\t\t\t\t\t\t\t\t\t<\/div>\n\t\t\t\t<\/div>\n\t\t\t\t<\/div>\n\t\t<div class=\"elementor-element elementor-element-30a71647 e-con-full e-flex e-con e-parent\" data-id=\"30a71647\" data-element_type=\"container\">\n\t\t<div class=\"elementor-element elementor-element-30214e05 e-con-full e-flex e-con e-child\" data-id=\"30214e05\" data-element_type=\"container\">\n\t\t\t\t<div class=\"elementor-element elementor-element-7530942e elementor-widget elementor-widget-image\" data-id=\"7530942e\" data-element_type=\"widget\" data-widget_type=\"image.default\">\n\t\t\t\t\t\t\t\t\t\t\t\t\t\t\t<img loading=\"lazy\" decoding=\"async\" width=\"1600\" height=\"630\" src=\"https:\/\/furuioffsetink.com\/wp-content\/uploads\/2025\/07\/Guangzhou-Bluewings-Technology-Home-About-us-CE.jpg\" class=\"attachment-full size-full wp-image-29\" alt=\"\" srcset=\"https:\/\/furuioffsetink.com\/wp-content\/uploads\/2025\/07\/Guangzhou-Bluewings-Technology-Home-About-us-CE.jpg 1600w, https:\/\/furuioffsetink.com\/wp-content\/uploads\/2025\/07\/Guangzhou-Bluewings-Technology-Home-About-us-CE-600x236.jpg 600w, https:\/\/furuioffsetink.com\/wp-content\/uploads\/2025\/07\/Guangzhou-Bluewings-Technology-Home-About-us-CE-300x118.jpg 300w, https:\/\/furuioffsetink.com\/wp-content\/uploads\/2025\/07\/Guangzhou-Bluewings-Technology-Home-About-us-CE-1024x403.jpg 1024w, https:\/\/furuioffsetink.com\/wp-content\/uploads\/2025\/07\/Guangzhou-Bluewings-Technology-Home-About-us-CE-768x302.jpg 768w, https:\/\/furuioffsetink.com\/wp-content\/uploads\/2025\/07\/Guangzhou-Bluewings-Technology-Home-About-us-CE-1536x605.jpg 1536w\" sizes=\"(max-width: 1600px) 100vw, 1600px\" \/>\t\t\t\t\t\t\t\t\t\t\t\t\t\t\t<\/div>\n\t\t\t\t<\/div>\n\t\t\t\t<\/div>\n\t\t\t\t<\/div>","protected":false},"excerpt":{"rendered":"<p>ABOUT US Druckmeister &amp; Spera is a leading printing company headquartered in Zhongshan, Southern China, with close proximity to Hong [&hellip;]<\/p>","protected":false},"author":1,"featured_media":0,"parent":0,"menu_order":0,"comment_status":"closed","ping_status":"closed","template":"","meta":{"site-sidebar-layout":"no-sidebar","site-content-layout":"","ast-site-content-layout":"full-width-container","site-content-style":"default","site-sidebar-style":"default","ast-global-header-display":"","ast-banner-title-visibility":"","ast-main-header-display":"","ast-hfb-above-header-display":"","ast-hfb-below-header-display":"","ast-hfb-mobile-header-display":"","site-post-title":"disabled","ast-breadcrumbs-content":"","ast-featured-img":"disabled","footer-sml-layout":"","theme-transparent-header-meta":"","adv-header-id-meta":"","stick-header-meta":"","header-above-stick-meta":"","header-main-stick-meta":"","header-below-stick-meta":"","astra-migrate-meta-layouts":"default","ast-page-background-enabled":"default","ast-page-background-meta":{"desktop":{"background-color":"var(--ast-global-color-5)","background-image":"","background-repeat":"repeat","background-position":"center center","background-size":"auto","background-attachment":"scroll","background-type":"","background-media":"","overlay-type":"","overlay-color":"","overlay-opacity":"","overlay-gradient":""},"tablet":{"background-color":"","background-image":"","background-repeat":"repeat","background-position":"center center","background-size":"auto","background-attachment":"scroll","background-type":"","background-media":"","overlay-type":"","overlay-color":"","overlay-opacity":"","overlay-gradient":""},"mobile":{"background-color":"","background-image":"","background-repeat":"repeat","background-position":"center center","background-size":"auto","background-attachment":"scroll","background-type":"","background-media":"","overlay-type":"","overlay-color":"","overlay-opacity":"","overlay-gradient":""}},"ast-content-background-meta":{"desktop":{"background-color":"var(--ast-global-color-4)","background-image":"","background-repeat":"repeat","background-position":"center center","background-size":"auto","background-attachment":"scroll","background-type":"","background-media":"","overlay-type":"","overlay-color":"","overlay-opacity":"","overlay-gradient":""},"tablet":{"background-color":"var(--ast-global-color-4)","background-image":"","background-repeat":"repeat","background-position":"center center","background-size":"auto","background-attachment":"scroll","background-type":"","background-media":"","overlay-type":"","overlay-color":"","overlay-opacity":"","overlay-gradient":""},"mobile":{"background-color":"var(--ast-global-color-4)","background-image":"","background-repeat":"repeat","background-position":"center center","background-size":"auto","background-attachment":"scroll","background-type":"","background-media":"","overlay-type":"","overlay-color":"","overlay-opacity":"","overlay-gradient":""}},"footnotes":""},"class_list":["post-1511","page","type-page","status-publish","hentry"],"_links":{"self":[{"href":"https:\/\/furuioffsetink.com\/ro\/wp-json\/wp\/v2\/pages\/1511","targetHints":{"allow":["GET"]}}],"collection":[{"href":"https:\/\/furuioffsetink.com\/ro\/wp-json\/wp\/v2\/pages"}],"about":[{"href":"https:\/\/furuioffsetink.com\/ro\/wp-json\/wp\/v2\/types\/page"}],"author":[{"embeddable":true,"href":"https:\/\/furuioffsetink.com\/ro\/wp-json\/wp\/v2\/users\/1"}],"replies":[{"embeddable":true,"href":"https:\/\/furuioffsetink.com\/ro\/wp-json\/wp\/v2\/comments?post=1511"}],"version-history":[{"count":7,"href":"https:\/\/furuioffsetink.com\/ro\/wp-json\/wp\/v2\/pages\/1511\/revisions"}],"predecessor-version":[{"id":1544,"href":"https:\/\/furuioffsetink.com\/ro\/wp-json\/wp\/v2\/pages\/1511\/revisions\/1544"}],"wp:attachment":[{"href":"https:\/\/furuioffsetink.com\/ro\/wp-json\/wp\/v2\/media?parent=1511"}],"curies":[{"name":"wp","href":"https:\/\/api.w.org\/{rel}","templated":true}]}}