{"id":852,"date":"2025-07-03T07:01:02","date_gmt":"2025-07-03T07:01:02","guid":{"rendered":"https:\/\/furuioffsetink.com\/?post_type=product&#038;p=852"},"modified":"2025-07-03T07:02:36","modified_gmt":"2025-07-03T07:02:36","slug":"gross-quick-setting-soy-offset-ink-eco-friendly-offset-printing-ink-cmyk","status":"publish","type":"product","link":"https:\/\/furuioffsetink.com\/lt\/produktas\/gross-quick-setting-soy-offset-ink-eco-friendly-offset-printing-ink-cmyk\/","title":{"rendered":"Bruto greitas nustatymas Sojos ofsetin\u0117s spaudos ra\u0161alas Ekologi\u0161kas ofsetin\u0117s spaudos ra\u0161alas CMYK"},"content":{"rendered":"<p>Spausdinimo tipas: ofsetin\u0117 spauda<br \/>\nTipas: ofsetin\u0117 spauda<br \/>\nKilm\u0117s vieta: Guangdongas, Kinija<br \/>\nPrek\u0117s \u017eenklo pavadinimas: Druckmeister<br \/>\nModelio numeris: FR8160<br \/>\nProdukto pavadinimas: Natural Earth FR8160<br \/>\nSpalva:Purpurin\u0117, geltona, \u017eydra, juoda<br \/>\nMed\u017eiaga: soja, derva<br \/>\nSimbolis: didelis blizgesys<br \/>\nSavyb\u0117: Puikus poveikis popieriui<br \/>\nTinkamas spausdintuvas: ofsetinis spausdinimas<br \/>\nRa\u0161alo tipas: alyvos pagrindo<br \/>\nGaliojimo trukm\u0117:3 metai<br \/>\nPakuot\u0117: 1 kg\/skardin\u0117<br \/>\nWechat\/whatsapp:008613711692806<br \/>\nPardavimo vienetai: Vienas elementas<br \/>\nVienos pakuot\u0117s dydis: 47X30X20 cm<br \/>\nVienkartinis bendrasis svoris: 4.000 KG<\/p>\n<p><img decoding=\"async\" class=\"alignnone size-full\" src=\"https:\/\/1688factorys.com\/wp-content\/uploads\/detail_pic_0-683.jpg\" width=\"790\" alt=\"\"\/><\/p>\n<p><img decoding=\"async\" class=\"alignnone size-full\" src=\"https:\/\/1688factorys.com\/wp-content\/uploads\/detail_pic_1-634.jpg\" width=\"790\" alt=\"\"\/><\/p>\n<p><img decoding=\"async\" class=\"alignnone size-full\" src=\"https:\/\/1688factorys.com\/wp-content\/uploads\/detail_pic_2-664.jpg\" width=\"790\" alt=\"\"\/><\/p>\n<p><img decoding=\"async\" class=\"alignnone size-full\" src=\"https:\/\/1688factorys.com\/wp-content\/uploads\/detail_pic_3-654.jpg\" width=\"790\" alt=\"\"\/><\/p>\n<p><img decoding=\"async\" class=\"alignnone size-full\" src=\"https:\/\/1688factorys.com\/wp-content\/uploads\/detail_pic_4-197.png\" width=\"790\" alt=\"\"\/><\/p>\n<p><img decoding=\"async\" class=\"alignnone size-full\" src=\"https:\/\/1688factorys.com\/wp-content\/uploads\/detail_pic_5-522.jpg\" width=\"790\" alt=\"\"\/><\/p>\n<p><img decoding=\"async\" class=\"alignnone size-full\" src=\"https:\/\/1688factorys.com\/wp-content\/uploads\/detail_pic_6-192.png\" width=\"790\" alt=\"\"\/><\/p>","protected":false},"excerpt":{"rendered":"<p>Bruto greitas nustatymas Sojos ofsetin\u0117s spaudos ra\u0161alas Ekologi\u0161kas ofsetin\u0117s spaudos ra\u0161alas CMYK<\/p>","protected":false},"featured_media":1035,"comment_status":"closed","ping_status":"closed","template":"","meta":{"site-sidebar-layout":"","site-content-layout":"","ast-site-content-layout":"","site-content-style":"","site-sidebar-style":"","ast-global-header-display":"","ast-banner-title-visibility":"","ast-main-header-display":"","ast-hfb-above-header-display":"","ast-hfb-below-header-display":"","ast-hfb-mobile-header-display":"","site-post-title":"","ast-breadcrumbs-content":"","ast-featured-img":"","footer-sml-layout":"","theme-transparent-header-meta":"","adv-header-id-meta":"","stick-header-meta":"","header-above-stick-meta":"","header-main-stick-meta":"","header-below-stick-meta":"","astra-migrate-meta-layouts":"","ast-page-background-enabled":"default","ast-page-background-meta":{"desktop":{"background-color":"var(--ast-global-color-5)","background-image":"","background-repeat":"repeat","background-position":"center center","background-size":"auto","background-attachment":"scroll","background-type":"","background-media":"","overlay-type":"","overlay-color":"","overlay-opacity":"","overlay-gradient":""},"tablet":{"background-color":"","background-image":"","background-repeat":"repeat","background-position":"center center","background-size":"auto","background-attachment":"scroll","background-type":"","background-media":"","overlay-type":"","overlay-color":"","overlay-opacity":"","overlay-gradient":""},"mobile":{"background-color":"","background-image":"","background-repeat":"repeat","background-position":"center center","background-size":"auto","background-attachment":"scroll","background-type":"","background-media":"","overlay-type":"","overlay-color":"","overlay-opacity":"","overlay-gradient":""}},"ast-content-background-meta":{"desktop":{"background-color":"var(--ast-global-color-4)","background-image":"","background-repeat":"repeat","background-position":"center center","background-size":"auto","background-attachment":"scroll","background-type":"","background-media":"","overlay-type":"","overlay-color":"","overlay-opacity":"","overlay-gradient":""},"tablet":{"background-color":"var(--ast-global-color-4)","background-image":"","background-repeat":"repeat","background-position":"center center","background-size":"auto","background-attachment":"scroll","background-type":"","background-media":"","overlay-type":"","overlay-color":"","overlay-opacity":"","overlay-gradient":""},"mobile":{"background-color":"var(--ast-global-color-4)","background-image":"","background-repeat":"repeat","background-position":"center center","background-size":"auto","background-attachment":"scroll","background-type":"","background-media":"","overlay-type":"","overlay-color":"","overlay-opacity":"","overlay-gradient":""}}},"product_brand":[],"product_cat":[19],"product_tag":[],"class_list":{"0":"post-852","1":"product","2":"type-product","3":"status-publish","4":"has-post-thumbnail","6":"product_cat-offset-ink","7":"desktop-align-left","8":"tablet-align-left","9":"mobile-align-left","11":"first","12":"outofstock","13":"shipping-taxable","14":"product-type-variable"},"_links":{"self":[{"href":"https:\/\/furuioffsetink.com\/lt\/wp-json\/wp\/v2\/product\/852","targetHints":{"allow":["GET"]}}],"collection":[{"href":"https:\/\/furuioffsetink.com\/lt\/wp-json\/wp\/v2\/product"}],"about":[{"href":"https:\/\/furuioffsetink.com\/lt\/wp-json\/wp\/v2\/types\/product"}],"replies":[{"embeddable":true,"href":"https:\/\/furuioffsetink.com\/lt\/wp-json\/wp\/v2\/comments?post=852"}],"wp:featuredmedia":[{"embeddable":true,"href":"https:\/\/furuioffsetink.com\/lt\/wp-json\/wp\/v2\/media\/1035"}],"wp:attachment":[{"href":"https:\/\/furuioffsetink.com\/lt\/wp-json\/wp\/v2\/media?parent=852"}],"wp:term":[{"taxonomy":"product_brand","embeddable":true,"href":"https:\/\/furuioffsetink.com\/lt\/wp-json\/wp\/v2\/product_brand?post=852"},{"taxonomy":"product_cat","embeddable":true,"href":"https:\/\/furuioffsetink.com\/lt\/wp-json\/wp\/v2\/product_cat?post=852"},{"taxonomy":"product_tag","embeddable":true,"href":"https:\/\/furuioffsetink.com\/lt\/wp-json\/wp\/v2\/product_tag?post=852"}],"curies":[{"name":"wp","href":"https:\/\/api.w.org\/{rel}","templated":true}]}}