{"id":1233,"date":"2025-07-03T07:04:00","date_gmt":"2025-07-03T07:04:00","guid":{"rendered":"https:\/\/furuioffsetink.com\/?post_type=product&#038;p=1233"},"modified":"2025-07-03T07:09:30","modified_gmt":"2025-07-03T07:09:30","slug":"wholesale-anti-set-off-spray-powder-for-offset-printing-machine","status":"publish","type":"product","link":"https:\/\/furuioffsetink.com\/lt\/produktas\/wholesale-anti-set-off-spray-powder-for-offset-printing-machine\/","title":{"rendered":"Didmenin\u0117 prekyba nuo nus\u0117dimo apsaugan\u010diais pur\u0161kiamaisiais milteliais ofsetin\u0117s spaudos ma\u0161inoms"},"content":{"rendered":"<p>Spausdinimo tipas: ofsetin\u0117 spauda<br \/>\nTipas: ofsetin\u0117 spauda<br \/>\nKilm\u0117s vieta: Guangdongas, Kinija<br \/>\nPrek\u0117s \u017eenklo pavadinimas: Druckmeister<br \/>\nModelio numeris: EZF FLOW 15<br \/>\nPavadinimas: \"Anti set-off\" milteliai<br \/>\nTipas: pur\u0161kiami milteliai<br \/>\nSpausdinimo tipas: ofsetin\u0117 spauda<br \/>\nKilm\u0117s vieta: Guangdongas, Kinija<br \/>\nPrek\u0117s \u017eenklo pavadinimas: Druckmeister<br \/>\nModelio numeris: EZF FLOW 15<br \/>\nPakuot\u0117: 1 kg\/mai\u0161as, 20 kg\/ctn<br \/>\nNaudojimas: ofsetin\u0117 spauda<br \/>\nFunkcija: i\u0161d\u017eiovinkite ofsetin\u012f ra\u0161al\u0105 ant popieriaus<br \/>\nWechat\/whatsapp:008613711692806<br \/>\nPardavimo vienetai: Vienas elementas<br \/>\nVienos pakuot\u0117s dydis: 25X15X10 cm<br \/>\nVienkartinis bendrasis svoris: 1.000 KG<\/p>\n<p><img decoding=\"async\" class=\"alignnone size-full\" src=\"https:\/\/1688factorys.com\/wp-content\/uploads\/detail_pic_0-788.jpg\" width=\"790\" alt=\"\"\/><\/p>\n<p><img decoding=\"async\" class=\"alignnone size-full\" src=\"https:\/\/1688factorys.com\/wp-content\/uploads\/detail_pic_1-732.jpg\" width=\"790\" alt=\"\"\/><\/p>\n<p><img decoding=\"async\" class=\"alignnone size-full\" src=\"https:\/\/1688factorys.com\/wp-content\/uploads\/detail_pic_2-777.jpg\" width=\"790\" alt=\"\"\/><\/p>\n<p><img decoding=\"async\" class=\"alignnone size-full\" src=\"https:\/\/1688factorys.com\/wp-content\/uploads\/detail_pic_3-757.jpg\" width=\"790\" alt=\"\"\/><\/p>\n<p><img decoding=\"async\" class=\"alignnone size-full\" src=\"https:\/\/1688factorys.com\/wp-content\/uploads\/detail_pic_4-638.jpg\" width=\"790\" alt=\"\"\/><\/p>\n<p><img decoding=\"async\" class=\"alignnone size-full\" src=\"https:\/\/1688factorys.com\/wp-content\/uploads\/detail_pic_5-239.png\" width=\"790\" alt=\"\"\/><\/p>\n<p><img decoding=\"async\" class=\"alignnone size-full\" src=\"https:\/\/1688factorys.com\/wp-content\/uploads\/detail_pic_6-301.png\" width=\"790\" alt=\"\"\/><\/p>","protected":false},"excerpt":{"rendered":"<p>Didmenin\u0117 prekyba nuo nus\u0117dimo apsaugan\u010diais pur\u0161kiamaisiais milteliais ofsetin\u0117s spaudos ma\u0161inoms<\/p>","protected":false},"featured_media":1429,"comment_status":"open","ping_status":"closed","template":"","meta":{"site-sidebar-layout":"","site-content-layout":"","ast-site-content-layout":"","site-content-style":"","site-sidebar-style":"","ast-global-header-display":"","ast-banner-title-visibility":"","ast-main-header-display":"","ast-hfb-above-header-display":"","ast-hfb-below-header-display":"","ast-hfb-mobile-header-display":"","site-post-title":"","ast-breadcrumbs-content":"","ast-featured-img":"","footer-sml-layout":"","theme-transparent-header-meta":"","adv-header-id-meta":"","stick-header-meta":"","header-above-stick-meta":"","header-main-stick-meta":"","header-below-stick-meta":"","astra-migrate-meta-layouts":"","ast-page-background-enabled":"default","ast-page-background-meta":{"desktop":{"background-color":"var(--ast-global-color-5)","background-image":"","background-repeat":"repeat","background-position":"center center","background-size":"auto","background-attachment":"scroll","background-type":"","background-media":"","overlay-type":"","overlay-color":"","overlay-opacity":"","overlay-gradient":""},"tablet":{"background-color":"","background-image":"","background-repeat":"repeat","background-position":"center center","background-size":"auto","background-attachment":"scroll","background-type":"","background-media":"","overlay-type":"","overlay-color":"","overlay-opacity":"","overlay-gradient":""},"mobile":{"background-color":"","background-image":"","background-repeat":"repeat","background-position":"center center","background-size":"auto","background-attachment":"scroll","background-type":"","background-media":"","overlay-type":"","overlay-color":"","overlay-opacity":"","overlay-gradient":""}},"ast-content-background-meta":{"desktop":{"background-color":"var(--ast-global-color-4)","background-image":"","background-repeat":"repeat","background-position":"center center","background-size":"auto","background-attachment":"scroll","background-type":"","background-media":"","overlay-type":"","overlay-color":"","overlay-opacity":"","overlay-gradient":""},"tablet":{"background-color":"var(--ast-global-color-4)","background-image":"","background-repeat":"repeat","background-position":"center center","background-size":"auto","background-attachment":"scroll","background-type":"","background-media":"","overlay-type":"","overlay-color":"","overlay-opacity":"","overlay-gradient":""},"mobile":{"background-color":"var(--ast-global-color-4)","background-image":"","background-repeat":"repeat","background-position":"center center","background-size":"auto","background-attachment":"scroll","background-type":"","background-media":"","overlay-type":"","overlay-color":"","overlay-opacity":"","overlay-gradient":""}}},"product_brand":[],"product_cat":[23],"product_tag":[],"class_list":{"0":"post-1233","1":"product","2":"type-product","3":"status-publish","4":"has-post-thumbnail","6":"product_cat-anti-set-off-powder","7":"desktop-align-left","8":"tablet-align-left","9":"mobile-align-left","11":"first","12":"outofstock","13":"shipping-taxable","14":"product-type-variable"},"_links":{"self":[{"href":"https:\/\/furuioffsetink.com\/lt\/wp-json\/wp\/v2\/product\/1233","targetHints":{"allow":["GET"]}}],"collection":[{"href":"https:\/\/furuioffsetink.com\/lt\/wp-json\/wp\/v2\/product"}],"about":[{"href":"https:\/\/furuioffsetink.com\/lt\/wp-json\/wp\/v2\/types\/product"}],"replies":[{"embeddable":true,"href":"https:\/\/furuioffsetink.com\/lt\/wp-json\/wp\/v2\/comments?post=1233"}],"wp:featuredmedia":[{"embeddable":true,"href":"https:\/\/furuioffsetink.com\/lt\/wp-json\/wp\/v2\/media\/1429"}],"wp:attachment":[{"href":"https:\/\/furuioffsetink.com\/lt\/wp-json\/wp\/v2\/media?parent=1233"}],"wp:term":[{"taxonomy":"product_brand","embeddable":true,"href":"https:\/\/furuioffsetink.com\/lt\/wp-json\/wp\/v2\/product_brand?post=1233"},{"taxonomy":"product_cat","embeddable":true,"href":"https:\/\/furuioffsetink.com\/lt\/wp-json\/wp\/v2\/product_cat?post=1233"},{"taxonomy":"product_tag","embeddable":true,"href":"https:\/\/furuioffsetink.com\/lt\/wp-json\/wp\/v2\/product_tag?post=1233"}],"curies":[{"name":"wp","href":"https:\/\/api.w.org\/{rel}","templated":true}]}}