{"id":1186,"date":"2025-07-03T07:03:36","date_gmt":"2025-07-03T07:03:36","guid":{"rendered":"https:\/\/furuioffsetink.com\/?post_type=product&#038;p=1186"},"modified":"2025-07-03T07:08:42","modified_gmt":"2025-07-03T07:08:42","slug":"wholesale-eco-friendly-offset-printing-chemical-plate-cleaner-extra-stong-plate-cleaner","status":"publish","type":"product","link":"https:\/\/furuioffsetink.com\/lt\/produktas\/wholesale-eco-friendly-offset-printing-chemical-plate-cleaner-extra-stong-plate-cleaner\/","title":{"rendered":"Didmenin\u0117 ekologi\u0161ka ekologi\u0161ka ofsetin\u0117s spaudos chemini\u0173 plok\u0161\u010di\u0173 valiklis Extra-stong Plate Cleaner"},"content":{"rendered":"<p>Kilm\u0117s vieta: Guangdongas, Kinija<br \/>\nModelio numeris: Plok\u0161\u010di\u0173 valiklis<br \/>\nPrek\u0117s \u017eenklo pavadinimas: \"Spera<br \/>\nPavadinimas: Plok\u0161\u010di\u0173 valiklis<br \/>\nTipas: ofsetin\u0117s plok\u0161t\u0117s valiklis<br \/>\nSpausdinimo tipas: ofsetin\u0117 spauda<br \/>\nKilm\u0117s vieta: Guangdongas, Kinija<br \/>\nPrek\u0117s \u017eenklo pavadinimas: OEM<br \/>\nModelio numeris: Plok\u0161\u010di\u0173 valiklis<br \/>\nPakuot\u0117: 1L\/buteliukas, 24 vnt\/ctn<br \/>\nNaudojimas: ofsetin\u0117 spauda<br \/>\nSpalva: ro\u017ein\u0117<br \/>\nWechat\/whatsapp:008613711692806<br \/>\nPardavimo vienetai: Vienas elementas<br \/>\nVienos pakuot\u0117s dydis: 25X15X10 cm<br \/>\nVienkartinis bendrasis svoris: 1.000 KG<\/p>\n<p><img decoding=\"async\" class=\"alignnone size-full\" src=\"https:\/\/1688factorys.com\/wp-content\/uploads\/detail_pic_0-781.jpg\" width=\"790\" alt=\"\"\/><\/p>\n<p><img decoding=\"async\" class=\"alignnone size-full\" src=\"https:\/\/1688factorys.com\/wp-content\/uploads\/detail_pic_1-139.png\" width=\"790\" alt=\"\"\/><\/p>\n<p><img decoding=\"async\" class=\"alignnone size-full\" src=\"https:\/\/1688factorys.com\/wp-content\/uploads\/detail_pic_2-770.jpg\" width=\"790\" alt=\"\"\/><\/p>\n<p><img decoding=\"async\" class=\"alignnone size-full\" src=\"https:\/\/1688factorys.com\/wp-content\/uploads\/detail_pic_3-750.jpg\" width=\"790\" alt=\"\"\/><\/p>\n<p><img decoding=\"async\" class=\"alignnone size-full\" src=\"https:\/\/1688factorys.com\/wp-content\/uploads\/detail_pic_4-631.jpg\" width=\"790\" alt=\"\"\/><\/p>\n<p><img decoding=\"async\" class=\"alignnone size-full\" src=\"https:\/\/1688factorys.com\/wp-content\/uploads\/detail_pic_5-621.jpg\" width=\"790\" alt=\"\"\/><\/p>\n<p><img decoding=\"async\" class=\"alignnone size-full\" src=\"https:\/\/1688factorys.com\/wp-content\/uploads\/detail_pic_6-542.jpg\" width=\"790\" alt=\"\"\/><\/p>\n<p><img decoding=\"async\" class=\"alignnone size-full\" src=\"https:\/\/1688factorys.com\/wp-content\/uploads\/detail_pic_7-655.jpg\" width=\"790\" alt=\"\"\/><\/p>\n<p><img decoding=\"async\" class=\"alignnone size-full\" src=\"https:\/\/1688factorys.com\/wp-content\/uploads\/detail_pic_8-387.jpg\" width=\"790\" alt=\"\"\/><\/p>\n<p><img decoding=\"async\" class=\"alignnone size-full\" src=\"https:\/\/1688factorys.com\/wp-content\/uploads\/detail_pic_9-298.png\" width=\"790\" alt=\"\"\/><\/p>\n<p><img decoding=\"async\" class=\"alignnone size-full\" src=\"https:\/\/1688factorys.com\/wp-content\/uploads\/detail_pic_10-445.jpg\" width=\"790\" alt=\"\"\/><\/p>","protected":false},"excerpt":{"rendered":"<p>Didmenin\u0117 ekologi\u0161ka ekologi\u0161ka ofsetin\u0117s spaudos chemini\u0173 plok\u0161\u010di\u0173 valiklis Extra-stong Plate Cleaner<\/p>","protected":false},"featured_media":1380,"comment_status":"open","ping_status":"closed","template":"","meta":{"site-sidebar-layout":"","site-content-layout":"","ast-site-content-layout":"","site-content-style":"","site-sidebar-style":"","ast-global-header-display":"","ast-banner-title-visibility":"","ast-main-header-display":"","ast-hfb-above-header-display":"","ast-hfb-below-header-display":"","ast-hfb-mobile-header-display":"","site-post-title":"","ast-breadcrumbs-content":"","ast-featured-img":"","footer-sml-layout":"","theme-transparent-header-meta":"","adv-header-id-meta":"","stick-header-meta":"","header-above-stick-meta":"","header-main-stick-meta":"","header-below-stick-meta":"","astra-migrate-meta-layouts":"","ast-page-background-enabled":"default","ast-page-background-meta":{"desktop":{"background-color":"var(--ast-global-color-5)","background-image":"","background-repeat":"repeat","background-position":"center center","background-size":"auto","background-attachment":"scroll","background-type":"","background-media":"","overlay-type":"","overlay-color":"","overlay-opacity":"","overlay-gradient":""},"tablet":{"background-color":"","background-image":"","background-repeat":"repeat","background-position":"center center","background-size":"auto","background-attachment":"scroll","background-type":"","background-media":"","overlay-type":"","overlay-color":"","overlay-opacity":"","overlay-gradient":""},"mobile":{"background-color":"","background-image":"","background-repeat":"repeat","background-position":"center center","background-size":"auto","background-attachment":"scroll","background-type":"","background-media":"","overlay-type":"","overlay-color":"","overlay-opacity":"","overlay-gradient":""}},"ast-content-background-meta":{"desktop":{"background-color":"var(--ast-global-color-4)","background-image":"","background-repeat":"repeat","background-position":"center center","background-size":"auto","background-attachment":"scroll","background-type":"","background-media":"","overlay-type":"","overlay-color":"","overlay-opacity":"","overlay-gradient":""},"tablet":{"background-color":"var(--ast-global-color-4)","background-image":"","background-repeat":"repeat","background-position":"center center","background-size":"auto","background-attachment":"scroll","background-type":"","background-media":"","overlay-type":"","overlay-color":"","overlay-opacity":"","overlay-gradient":""},"mobile":{"background-color":"var(--ast-global-color-4)","background-image":"","background-repeat":"repeat","background-position":"center center","background-size":"auto","background-attachment":"scroll","background-type":"","background-media":"","overlay-type":"","overlay-color":"","overlay-opacity":"","overlay-gradient":""}}},"product_brand":[],"product_cat":[22],"product_tag":[],"class_list":{"0":"post-1186","1":"product","2":"type-product","3":"status-publish","4":"has-post-thumbnail","6":"product_cat-plate-cleaner","7":"desktop-align-left","8":"tablet-align-left","9":"mobile-align-left","11":"first","12":"outofstock","13":"shipping-taxable","14":"product-type-variable"},"_links":{"self":[{"href":"https:\/\/furuioffsetink.com\/lt\/wp-json\/wp\/v2\/product\/1186","targetHints":{"allow":["GET"]}}],"collection":[{"href":"https:\/\/furuioffsetink.com\/lt\/wp-json\/wp\/v2\/product"}],"about":[{"href":"https:\/\/furuioffsetink.com\/lt\/wp-json\/wp\/v2\/types\/product"}],"replies":[{"embeddable":true,"href":"https:\/\/furuioffsetink.com\/lt\/wp-json\/wp\/v2\/comments?post=1186"}],"wp:featuredmedia":[{"embeddable":true,"href":"https:\/\/furuioffsetink.com\/lt\/wp-json\/wp\/v2\/media\/1380"}],"wp:attachment":[{"href":"https:\/\/furuioffsetink.com\/lt\/wp-json\/wp\/v2\/media?parent=1186"}],"wp:term":[{"taxonomy":"product_brand","embeddable":true,"href":"https:\/\/furuioffsetink.com\/lt\/wp-json\/wp\/v2\/product_brand?post=1186"},{"taxonomy":"product_cat","embeddable":true,"href":"https:\/\/furuioffsetink.com\/lt\/wp-json\/wp\/v2\/product_cat?post=1186"},{"taxonomy":"product_tag","embeddable":true,"href":"https:\/\/furuioffsetink.com\/lt\/wp-json\/wp\/v2\/product_tag?post=1186"}],"curies":[{"name":"wp","href":"https:\/\/api.w.org\/{rel}","templated":true}]}}