{"id":72,"date":"2025-07-03T06:53:23","date_gmt":"2025-07-03T06:53:23","guid":{"rendered":"https:\/\/furuioffsetink.com\/?post_type=product&#038;p=72"},"modified":"2025-07-03T06:55:22","modified_gmt":"2025-07-03T06:55:22","slug":"hight-quality-eco-friendly-sheet-fed-cmyk-offset-printing-ink-fast-gross-quick-seting-soy-offset-ink","status":"publish","type":"product","link":"https:\/\/furuioffsetink.com\/es\/producto\/hight-quality-eco-friendly-sheet-fed-cmyk-offset-printing-ink-fast-gross-quick-seting-soy-offset-ink\/","title":{"rendered":"Tinta de impresi\u00f3n offset CMYK de alta calidad y respetuosa con el medio ambiente Tinta offset de soja de secado r\u00e1pido y bruta"},"content":{"rendered":"<p>Tipo de impresi\u00f3n:Impresi\u00f3n offset<br \/>\nTipo:impresi\u00f3n offset<br \/>\nTipo de tinta:Tinta offset<br \/>\nLugar de origen: Guangdong, China<br \/>\nMarca:Spera<br \/>\nN\u00famero de modelo:FR8161<br \/>\nNombre del producto:Tierra natural FR8161<br \/>\nColor:Magenta,amarillo,cian,negro<br \/>\nMaterial:Soja, resina<br \/>\nCar\u00e1cter:Alto brillo<br \/>\nCaracter\u00edstica:Excelente efecto para el papel<br \/>\nImpresora adecuada:Impresi\u00f3n offset<br \/>\nTipo de tinta:base aceite<br \/>\nPeriodo de validez:3 a\u00f1os<br \/>\nEnvase:1kg\/lata<br \/>\nWechat\/whatsapp:008613711692806<br \/>\nUnidades de venta:Art\u00edculo individual<br \/>\nTama\u00f1o del envase individual:47X30X20 cm<br \/>\nPeso bruto individual:4.000 KG<\/p>\n<p><img decoding=\"async\" class=\"alignnone size-full\" src=\"https:\/\/1688factorys.com\/wp-content\/uploads\/detail_pic_0-590.jpg\" width=\"790\" alt=\"\"\/><\/p>\n<p><img decoding=\"async\" class=\"alignnone size-full\" src=\"https:\/\/1688factorys.com\/wp-content\/uploads\/detail_pic_1-541.jpg\" width=\"790\" alt=\"\"\/><\/p>\n<p><img decoding=\"async\" class=\"alignnone size-full\" src=\"https:\/\/1688factorys.com\/wp-content\/uploads\/detail_pic_2-571.jpg\" width=\"790\" alt=\"\"\/><\/p>\n<p><img decoding=\"async\" class=\"alignnone size-full\" src=\"https:\/\/1688factorys.com\/wp-content\/uploads\/detail_pic_3-561.jpg\" width=\"790\" alt=\"\"\/><\/p>\n<p><img decoding=\"async\" class=\"alignnone size-full\" src=\"https:\/\/1688factorys.com\/wp-content\/uploads\/detail_pic_4-454.jpg\" width=\"790\" alt=\"\"\/><\/p>\n<p><img decoding=\"async\" class=\"alignnone size-full\" src=\"https:\/\/1688factorys.com\/wp-content\/uploads\/detail_pic_5-435.jpg\" width=\"790\" alt=\"\"\/><\/p>\n<p><img decoding=\"async\" class=\"alignnone size-full\" src=\"https:\/\/1688factorys.com\/wp-content\/uploads\/detail_pic_6-109.png\" width=\"790\" alt=\"\"\/><\/p>\n<p><img decoding=\"async\" class=\"alignnone size-full\" src=\"https:\/\/1688factorys.com\/wp-content\/uploads\/detail_pic_7-505.jpg\" width=\"790\" alt=\"\"\/><\/p>\n<p><img decoding=\"async\" class=\"alignnone size-full\" src=\"https:\/\/1688factorys.com\/wp-content\/uploads\/detail_pic_8-111.png\" width=\"790\" alt=\"\"\/><\/p>\n<p><img decoding=\"async\" class=\"alignnone size-full\" src=\"https:\/\/1688factorys.com\/wp-content\/uploads\/detail_pic_9-108.png\" width=\"790\" alt=\"\"\/><\/p>\n<p><img decoding=\"async\" class=\"alignnone size-full\" src=\"https:\/\/1688factorys.com\/wp-content\/uploads\/detail_pic_10-295.jpg\" width=\"790\" alt=\"\"\/><\/p>\n<p><img decoding=\"async\" class=\"alignnone size-full\" src=\"https:\/\/1688factorys.com\/wp-content\/uploads\/detail_pic_11-263.jpg\" width=\"790\" alt=\"\"\/><\/p>\n<p><img decoding=\"async\" class=\"alignnone size-full\" src=\"https:\/\/1688factorys.com\/wp-content\/uploads\/detail_pic_12-170.jpg\" width=\"790\" alt=\"\"\/><\/p>\n<p><img decoding=\"async\" class=\"alignnone size-full\" src=\"https:\/\/1688factorys.com\/wp-content\/uploads\/detail_pic_13-151.jpg\" width=\"790\" alt=\"\"\/><\/p>\n<p><img decoding=\"async\" class=\"alignnone size-full\" src=\"https:\/\/1688factorys.com\/wp-content\/uploads\/detail_pic_14-109.jpg\" width=\"790\" alt=\"\"\/><\/p>\n<p><img decoding=\"async\" class=\"alignnone size-full\" src=\"https:\/\/1688factorys.com\/wp-content\/uploads\/detail_pic_15-67.png\" width=\"790\" alt=\"\"\/><\/p>\n<p><img decoding=\"async\" class=\"alignnone size-full\" src=\"https:\/\/1688factorys.com\/wp-content\/uploads\/detail_pic_16-35.jpg\" width=\"790\" alt=\"\"\/><\/p>","protected":false},"excerpt":{"rendered":"<p>Tinta de impresi\u00f3n offset CMYK de alta calidad y respetuosa con el medio ambiente Tinta offset de soja de secado r\u00e1pido y bruta<\/p>","protected":false},"featured_media":218,"comment_status":"closed","ping_status":"closed","template":"","meta":{"site-sidebar-layout":"","site-content-layout":"","ast-site-content-layout":"","site-content-style":"","site-sidebar-style":"","ast-global-header-display":"","ast-banner-title-visibility":"","ast-main-header-display":"","ast-hfb-above-header-display":"","ast-hfb-below-header-display":"","ast-hfb-mobile-header-display":"","site-post-title":"","ast-breadcrumbs-content":"","ast-featured-img":"","footer-sml-layout":"","theme-transparent-header-meta":"","adv-header-id-meta":"","stick-header-meta":"","header-above-stick-meta":"","header-main-stick-meta":"","header-below-stick-meta":"","astra-migrate-meta-layouts":"","ast-page-background-enabled":"default","ast-page-background-meta":{"desktop":{"background-color":"var(--ast-global-color-5)","background-image":"","background-repeat":"repeat","background-position":"center center","background-size":"auto","background-attachment":"scroll","background-type":"","background-media":"","overlay-type":"","overlay-color":"","overlay-opacity":"","overlay-gradient":""},"tablet":{"background-color":"","background-image":"","background-repeat":"repeat","background-position":"center center","background-size":"auto","background-attachment":"scroll","background-type":"","background-media":"","overlay-type":"","overlay-color":"","overlay-opacity":"","overlay-gradient":""},"mobile":{"background-color":"","background-image":"","background-repeat":"repeat","background-position":"center center","background-size":"auto","background-attachment":"scroll","background-type":"","background-media":"","overlay-type":"","overlay-color":"","overlay-opacity":"","overlay-gradient":""}},"ast-content-background-meta":{"desktop":{"background-color":"var(--ast-global-color-4)","background-image":"","background-repeat":"repeat","background-position":"center center","background-size":"auto","background-attachment":"scroll","background-type":"","background-media":"","overlay-type":"","overlay-color":"","overlay-opacity":"","overlay-gradient":""},"tablet":{"background-color":"var(--ast-global-color-4)","background-image":"","background-repeat":"repeat","background-position":"center center","background-size":"auto","background-attachment":"scroll","background-type":"","background-media":"","overlay-type":"","overlay-color":"","overlay-opacity":"","overlay-gradient":""},"mobile":{"background-color":"var(--ast-global-color-4)","background-image":"","background-repeat":"repeat","background-position":"center center","background-size":"auto","background-attachment":"scroll","background-type":"","background-media":"","overlay-type":"","overlay-color":"","overlay-opacity":"","overlay-gradient":""}}},"product_brand":[],"product_cat":[19],"product_tag":[],"class_list":{"0":"post-72","1":"product","2":"type-product","3":"status-publish","4":"has-post-thumbnail","6":"product_cat-offset-ink","7":"desktop-align-left","8":"tablet-align-left","9":"mobile-align-left","11":"first","12":"outofstock","13":"shipping-taxable","14":"product-type-variable"},"_links":{"self":[{"href":"https:\/\/furuioffsetink.com\/es\/wp-json\/wp\/v2\/product\/72","targetHints":{"allow":["GET"]}}],"collection":[{"href":"https:\/\/furuioffsetink.com\/es\/wp-json\/wp\/v2\/product"}],"about":[{"href":"https:\/\/furuioffsetink.com\/es\/wp-json\/wp\/v2\/types\/product"}],"replies":[{"embeddable":true,"href":"https:\/\/furuioffsetink.com\/es\/wp-json\/wp\/v2\/comments?post=72"}],"wp:featuredmedia":[{"embeddable":true,"href":"https:\/\/furuioffsetink.com\/es\/wp-json\/wp\/v2\/media\/218"}],"wp:attachment":[{"href":"https:\/\/furuioffsetink.com\/es\/wp-json\/wp\/v2\/media?parent=72"}],"wp:term":[{"taxonomy":"product_brand","embeddable":true,"href":"https:\/\/furuioffsetink.com\/es\/wp-json\/wp\/v2\/product_brand?post=72"},{"taxonomy":"product_cat","embeddable":true,"href":"https:\/\/furuioffsetink.com\/es\/wp-json\/wp\/v2\/product_cat?post=72"},{"taxonomy":"product_tag","embeddable":true,"href":"https:\/\/furuioffsetink.com\/es\/wp-json\/wp\/v2\/product_tag?post=72"}],"curies":[{"name":"wp","href":"https:\/\/api.w.org\/{rel}","templated":true}]}}