{"id":920,"date":"2025-07-03T07:01:23","date_gmt":"2025-07-03T07:01:23","guid":{"rendered":"https:\/\/furuioffsetink.com\/?post_type=product&#038;p=920"},"modified":"2025-07-03T07:03:19","modified_gmt":"2025-07-03T07:03:19","slug":"8800on-hot-sale-offset-printing-ink-soya-offset-cmyk-color-ink-manufacturer","status":"publish","type":"product","link":"https:\/\/furuioffsetink.com\/cs\/produkt\/8800on-hot-sale-offset-printing-ink-soya-offset-cmyk-color-ink-manufacturer\/","title":{"rendered":"8800ON Hot Sale ofsetov\u00fd tiskov\u00fd inkoust, v\u00fdrobce s\u00f3jov\u00e9ho ofsetov\u00e9ho barevn\u00e9ho inkoustu CMYK"},"content":{"rendered":"<p style=\"text-align: center;\">Typ tisku: Ofsetov\u00fd tisk<br \/>\nTyp:ofsetov\u00fd tisk<br \/>\nM\u00edsto p\u016fvodu: Guangdong, \u010c\u00edna<br \/>\nN\u00e1zev zna\u010dky: Druckmeister<br \/>\nModel Number:8800ON<br \/>\nProduct name:offset ink 8800ON<br \/>\nBarva:purpurov\u00e1, \u017elut\u00e1, azurov\u00e1, \u010dern\u00e1<br \/>\nMateri\u00e1l: s\u00f3ja, prysky\u0159ice<br \/>\nCharakteristika: vysok\u00fd lesk<br \/>\nVlastnosti: Vynikaj\u00edc\u00ed efekt pro pap\u00edr<br \/>\nVhodn\u00e1 tisk\u00e1rna: Ofsetov\u00fd tisk<br \/>\nCertificate:MSDS\/ISO9001<br \/>\nDoba platnosti:3 roky<br \/>\nPackage:1kg\/tin,2.5kg\/tin<br \/>\nWechat\/whatsapp:008613711692806<br \/>\nProdejn\u00ed jednotky:Jednotliv\u00e9 polo\u017eky<br \/>\nVelikost jednoho balen\u00ed: 40X30X20 cm<br \/>\nJednotliv\u00e1 celkov\u00e1 hmotnost: 4 000 KG<\/p>\n<p><img fetchpriority=\"high\" decoding=\"async\" class=\"aligncenter size-full wp-image-25094\" src=\"https:\/\/1688factorys.com\/wp-content\/uploads\/\u8be6\u60c5_01.jpg\" alt=\"\" width=\"790\" height=\"1253\" \/> <img decoding=\"async\" class=\"aligncenter size-full wp-image-25095\" src=\"https:\/\/1688factorys.com\/wp-content\/uploads\/\u8be6\u60c5_02.jpg\" alt=\"\" width=\"790\" height=\"1226\" \/> <img decoding=\"async\" class=\"aligncenter size-full wp-image-25096\" src=\"https:\/\/1688factorys.com\/wp-content\/uploads\/\u8be6\u60c5_03.jpg\" alt=\"\" width=\"790\" height=\"633\" \/> <img loading=\"lazy\" decoding=\"async\" class=\"aligncenter size-full wp-image-25097\" src=\"https:\/\/1688factorys.com\/wp-content\/uploads\/\u8be6\u60c5_04.jpg\" alt=\"\" width=\"790\" height=\"1522\" \/> <img loading=\"lazy\" decoding=\"async\" class=\"aligncenter size-full wp-image-25098\" src=\"https:\/\/1688factorys.com\/wp-content\/uploads\/\u8be6\u60c5_05.jpg\" alt=\"\" width=\"790\" height=\"632\" \/> <img loading=\"lazy\" decoding=\"async\" class=\"aligncenter size-full wp-image-25099\" src=\"https:\/\/1688factorys.com\/wp-content\/uploads\/\u8be6\u60c5_06.jpg\" alt=\"\" width=\"790\" height=\"682\" \/> <img loading=\"lazy\" decoding=\"async\" class=\"aligncenter size-full wp-image-25100\" src=\"https:\/\/1688factorys.com\/wp-content\/uploads\/\u8be6\u60c5_07.jpg\" alt=\"\" width=\"790\" height=\"643\" \/> <img loading=\"lazy\" decoding=\"async\" class=\"aligncenter size-full wp-image-25101\" src=\"https:\/\/1688factorys.com\/wp-content\/uploads\/\u8be6\u60c5_08.jpg\" alt=\"\" width=\"790\" height=\"1165\" \/> <img loading=\"lazy\" decoding=\"async\" class=\"aligncenter size-full wp-image-25102\" src=\"https:\/\/1688factorys.com\/wp-content\/uploads\/\u8be6\u60c5_09.jpg\" alt=\"\" width=\"790\" height=\"932\" \/> <img loading=\"lazy\" decoding=\"async\" class=\"aligncenter size-full wp-image-25103\" src=\"https:\/\/1688factorys.com\/wp-content\/uploads\/\u8be6\u60c5_10.jpg\" alt=\"\" width=\"790\" height=\"1049\" \/> <img loading=\"lazy\" decoding=\"async\" class=\"aligncenter size-full wp-image-25104\" src=\"https:\/\/1688factorys.com\/wp-content\/uploads\/\u8be6\u60c5_11.jpg\" alt=\"\" width=\"790\" height=\"1207\" \/> <img loading=\"lazy\" decoding=\"async\" class=\"aligncenter size-full wp-image-25105\" src=\"https:\/\/1688factorys.com\/wp-content\/uploads\/\u8be6\u60c5_12.jpg\" alt=\"\" width=\"790\" height=\"841\" \/> <img loading=\"lazy\" decoding=\"async\" class=\"aligncenter size-full wp-image-25106\" src=\"https:\/\/1688factorys.com\/wp-content\/uploads\/\u8be6\u60c5_13.jpg\" alt=\"\" width=\"790\" height=\"864\" \/> <img loading=\"lazy\" decoding=\"async\" class=\"aligncenter size-full wp-image-25107\" src=\"https:\/\/1688factorys.com\/wp-content\/uploads\/\u8be6\u60c5_14.jpg\" alt=\"\" width=\"790\" height=\"1149\" \/><\/p>\n<p>&nbsp;<\/p>\n<p>&nbsp;<\/p>\n<p>&nbsp;<\/p>\n<p>&nbsp;<\/p>\n<p>&nbsp;<\/p>\n<p>&nbsp;<\/p>\n<p>&nbsp;<\/p>\n<p>&nbsp;<\/p>\n<p>&nbsp;<\/p>\n<p>&nbsp;<\/p>\n<p>&nbsp;<\/p>\n<p>&nbsp;<\/p>","protected":false},"excerpt":{"rendered":"<p>8800ON Hot Sale ofsetov\u00fd tiskov\u00fd inkoust, v\u00fdrobce s\u00f3jov\u00e9ho ofsetov\u00e9ho barevn\u00e9ho inkoustu CMYK<\/p>","protected":false},"featured_media":1130,"comment_status":"closed","ping_status":"closed","template":"","meta":{"site-sidebar-layout":"default","site-content-layout":"","ast-site-content-layout":"default","site-content-style":"default","site-sidebar-style":"default","ast-global-header-display":"","ast-banner-title-visibility":"","ast-main-header-display":"","ast-hfb-above-header-display":"","ast-hfb-below-header-display":"","ast-hfb-mobile-header-display":"","site-post-title":"","ast-breadcrumbs-content":"","ast-featured-img":"","footer-sml-layout":"","theme-transparent-header-meta":"default","adv-header-id-meta":"","stick-header-meta":"","header-above-stick-meta":"","header-main-stick-meta":"","header-below-stick-meta":"","astra-migrate-meta-layouts":"set","ast-page-background-enabled":"default","ast-page-background-meta":{"desktop":{"background-color":"var(--ast-global-color-5)","background-image":"","background-repeat":"repeat","background-position":"center center","background-size":"auto","background-attachment":"scroll","background-type":"","background-media":"","overlay-type":"","overlay-color":"","overlay-opacity":"","overlay-gradient":""},"tablet":{"background-color":"","background-image":"","background-repeat":"repeat","background-position":"center center","background-size":"auto","background-attachment":"scroll","background-type":"","background-media":"","overlay-type":"","overlay-color":"","overlay-opacity":"","overlay-gradient":""},"mobile":{"background-color":"","background-image":"","background-repeat":"repeat","background-position":"center center","background-size":"auto","background-attachment":"scroll","background-type":"","background-media":"","overlay-type":"","overlay-color":"","overlay-opacity":"","overlay-gradient":""}},"ast-content-background-meta":{"desktop":{"background-color":"var(--ast-global-color-4)","background-image":"","background-repeat":"repeat","background-position":"center center","background-size":"auto","background-attachment":"scroll","background-type":"","background-media":"","overlay-type":"","overlay-color":"","overlay-opacity":"","overlay-gradient":""},"tablet":{"background-color":"var(--ast-global-color-4)","background-image":"","background-repeat":"repeat","background-position":"center center","background-size":"auto","background-attachment":"scroll","background-type":"","background-media":"","overlay-type":"","overlay-color":"","overlay-opacity":"","overlay-gradient":""},"mobile":{"background-color":"var(--ast-global-color-4)","background-image":"","background-repeat":"repeat","background-position":"center center","background-size":"auto","background-attachment":"scroll","background-type":"","background-media":"","overlay-type":"","overlay-color":"","overlay-opacity":"","overlay-gradient":""}}},"product_brand":[],"product_cat":[19],"product_tag":[],"class_list":{"0":"post-920","1":"product","2":"type-product","3":"status-publish","4":"has-post-thumbnail","6":"product_cat-offset-ink","7":"desktop-align-left","8":"tablet-align-left","9":"mobile-align-left","11":"first","12":"outofstock","13":"shipping-taxable","14":"product-type-variable"},"_links":{"self":[{"href":"https:\/\/furuioffsetink.com\/cs\/wp-json\/wp\/v2\/product\/920","targetHints":{"allow":["GET"]}}],"collection":[{"href":"https:\/\/furuioffsetink.com\/cs\/wp-json\/wp\/v2\/product"}],"about":[{"href":"https:\/\/furuioffsetink.com\/cs\/wp-json\/wp\/v2\/types\/product"}],"replies":[{"embeddable":true,"href":"https:\/\/furuioffsetink.com\/cs\/wp-json\/wp\/v2\/comments?post=920"}],"wp:featuredmedia":[{"embeddable":true,"href":"https:\/\/furuioffsetink.com\/cs\/wp-json\/wp\/v2\/media\/1130"}],"wp:attachment":[{"href":"https:\/\/furuioffsetink.com\/cs\/wp-json\/wp\/v2\/media?parent=920"}],"wp:term":[{"taxonomy":"product_brand","embeddable":true,"href":"https:\/\/furuioffsetink.com\/cs\/wp-json\/wp\/v2\/product_brand?post=920"},{"taxonomy":"product_cat","embeddable":true,"href":"https:\/\/furuioffsetink.com\/cs\/wp-json\/wp\/v2\/product_cat?post=920"},{"taxonomy":"product_tag","embeddable":true,"href":"https:\/\/furuioffsetink.com\/cs\/wp-json\/wp\/v2\/product_tag?post=920"}],"curies":[{"name":"wp","href":"https:\/\/api.w.org\/{rel}","templated":true}]}}