{"id":853,"date":"2025-07-03T07:01:02","date_gmt":"2025-07-03T07:01:02","guid":{"rendered":"https:\/\/furuioffsetink.com\/?post_type=product&#038;p=853"},"modified":"2025-07-03T07:02:40","modified_gmt":"2025-07-03T07:02:40","slug":"eco-friendly-offset-printing-inks-cmyk-soy-ink-offset-press-printing-ink-fr8160","status":"publish","type":"product","link":"https:\/\/furuioffsetink.com\/cs\/produkt\/eco-friendly-offset-printing-inks-cmyk-soy-ink-offset-press-printing-ink-fr8160\/","title":{"rendered":"Ekologick\u00fd ofsetov\u00fd tiskov\u00fd inkoust Sojov\u00fd inkoust Ofsetov\u00fd tiskov\u00fd inkoust CMYK FR8160"},"content":{"rendered":"<p>Typ tisku: Ofsetov\u00fd tisk<br \/>\nTyp:ofsetov\u00fd tisk<br \/>\nM\u00edsto p\u016fvodu: Guangdong, \u010c\u00edna<br \/>\nN\u00e1zev zna\u010dky: Druckmeister<br \/>\n\u010c\u00edslo modelu: FR8160<br \/>\nN\u00e1zev produktu: Natural Earth FR8160<br \/>\nBarva:purpurov\u00e1, \u017elut\u00e1, azurov\u00e1, \u010dern\u00e1<br \/>\nMateri\u00e1l: s\u00f3ja, prysky\u0159ice<br \/>\nCharakteristika: vysok\u00fd lesk<br \/>\nVlastnosti: Vynikaj\u00edc\u00ed efekt pro pap\u00edr<br \/>\nVhodn\u00e1 tisk\u00e1rna: Ofsetov\u00fd tisk<br \/>\nTyp inkoustu: olejov\u00e1 b\u00e1ze<br \/>\nDoba platnosti:3 roky<br \/>\nBalen\u00ed: 1 kg\/konzerva<br \/>\nWechat\/whatsapp:008613711692806<br \/>\nProdejn\u00ed jednotky:Jednotliv\u00e9 polo\u017eky<br \/>\nVelikost jednoho balen\u00ed: 47X30X20 cm<br \/>\nJednotliv\u00e1 celkov\u00e1 hmotnost: 4 000 KG<\/p>\n<p><img decoding=\"async\" class=\"alignnone size-full\" src=\"https:\/\/1688factorys.com\/wp-content\/uploads\/detail_pic_0-684.jpg\" width=\"790\" alt=\"\"\/><\/p>\n<p><img decoding=\"async\" class=\"alignnone size-full\" src=\"https:\/\/1688factorys.com\/wp-content\/uploads\/detail_pic_1-635.jpg\" width=\"790\" alt=\"\"\/><\/p>\n<p><img decoding=\"async\" class=\"alignnone size-full\" src=\"https:\/\/1688factorys.com\/wp-content\/uploads\/detail_pic_2-665.jpg\" width=\"790\" alt=\"\"\/><\/p>\n<p><img decoding=\"async\" class=\"alignnone size-full\" src=\"https:\/\/1688factorys.com\/wp-content\/uploads\/detail_pic_3-655.jpg\" width=\"790\" alt=\"\"\/><\/p>\n<p><img decoding=\"async\" class=\"alignnone size-full\" src=\"https:\/\/1688factorys.com\/wp-content\/uploads\/detail_pic_4-198.png\" width=\"790\" alt=\"\"\/><\/p>\n<p><img decoding=\"async\" class=\"alignnone size-full\" src=\"https:\/\/1688factorys.com\/wp-content\/uploads\/detail_pic_5-205.png\" width=\"790\" alt=\"\"\/><\/p>\n<p><img decoding=\"async\" class=\"alignnone size-full\" src=\"https:\/\/1688factorys.com\/wp-content\/uploads\/detail_pic_6-193.png\" width=\"790\" alt=\"\"\/><\/p>","protected":false},"excerpt":{"rendered":"<p>Ekologick\u00fd ofsetov\u00fd tiskov\u00fd inkoust Sojov\u00fd inkoust Ofsetov\u00fd tiskov\u00fd inkoust CMYK FR8160<\/p>","protected":false},"featured_media":1042,"comment_status":"closed","ping_status":"closed","template":"","meta":{"site-sidebar-layout":"","site-content-layout":"","ast-site-content-layout":"","site-content-style":"","site-sidebar-style":"","ast-global-header-display":"","ast-banner-title-visibility":"","ast-main-header-display":"","ast-hfb-above-header-display":"","ast-hfb-below-header-display":"","ast-hfb-mobile-header-display":"","site-post-title":"","ast-breadcrumbs-content":"","ast-featured-img":"","footer-sml-layout":"","theme-transparent-header-meta":"","adv-header-id-meta":"","stick-header-meta":"","header-above-stick-meta":"","header-main-stick-meta":"","header-below-stick-meta":"","astra-migrate-meta-layouts":"","ast-page-background-enabled":"default","ast-page-background-meta":{"desktop":{"background-color":"var(--ast-global-color-5)","background-image":"","background-repeat":"repeat","background-position":"center center","background-size":"auto","background-attachment":"scroll","background-type":"","background-media":"","overlay-type":"","overlay-color":"","overlay-opacity":"","overlay-gradient":""},"tablet":{"background-color":"","background-image":"","background-repeat":"repeat","background-position":"center center","background-size":"auto","background-attachment":"scroll","background-type":"","background-media":"","overlay-type":"","overlay-color":"","overlay-opacity":"","overlay-gradient":""},"mobile":{"background-color":"","background-image":"","background-repeat":"repeat","background-position":"center center","background-size":"auto","background-attachment":"scroll","background-type":"","background-media":"","overlay-type":"","overlay-color":"","overlay-opacity":"","overlay-gradient":""}},"ast-content-background-meta":{"desktop":{"background-color":"var(--ast-global-color-4)","background-image":"","background-repeat":"repeat","background-position":"center center","background-size":"auto","background-attachment":"scroll","background-type":"","background-media":"","overlay-type":"","overlay-color":"","overlay-opacity":"","overlay-gradient":""},"tablet":{"background-color":"var(--ast-global-color-4)","background-image":"","background-repeat":"repeat","background-position":"center center","background-size":"auto","background-attachment":"scroll","background-type":"","background-media":"","overlay-type":"","overlay-color":"","overlay-opacity":"","overlay-gradient":""},"mobile":{"background-color":"var(--ast-global-color-4)","background-image":"","background-repeat":"repeat","background-position":"center center","background-size":"auto","background-attachment":"scroll","background-type":"","background-media":"","overlay-type":"","overlay-color":"","overlay-opacity":"","overlay-gradient":""}}},"product_brand":[],"product_cat":[19],"product_tag":[],"class_list":{"0":"post-853","1":"product","2":"type-product","3":"status-publish","4":"has-post-thumbnail","6":"product_cat-offset-ink","7":"desktop-align-left","8":"tablet-align-left","9":"mobile-align-left","11":"first","12":"outofstock","13":"shipping-taxable","14":"product-type-variable"},"_links":{"self":[{"href":"https:\/\/furuioffsetink.com\/cs\/wp-json\/wp\/v2\/product\/853","targetHints":{"allow":["GET"]}}],"collection":[{"href":"https:\/\/furuioffsetink.com\/cs\/wp-json\/wp\/v2\/product"}],"about":[{"href":"https:\/\/furuioffsetink.com\/cs\/wp-json\/wp\/v2\/types\/product"}],"replies":[{"embeddable":true,"href":"https:\/\/furuioffsetink.com\/cs\/wp-json\/wp\/v2\/comments?post=853"}],"wp:featuredmedia":[{"embeddable":true,"href":"https:\/\/furuioffsetink.com\/cs\/wp-json\/wp\/v2\/media\/1042"}],"wp:attachment":[{"href":"https:\/\/furuioffsetink.com\/cs\/wp-json\/wp\/v2\/media?parent=853"}],"wp:term":[{"taxonomy":"product_brand","embeddable":true,"href":"https:\/\/furuioffsetink.com\/cs\/wp-json\/wp\/v2\/product_brand?post=853"},{"taxonomy":"product_cat","embeddable":true,"href":"https:\/\/furuioffsetink.com\/cs\/wp-json\/wp\/v2\/product_cat?post=853"},{"taxonomy":"product_tag","embeddable":true,"href":"https:\/\/furuioffsetink.com\/cs\/wp-json\/wp\/v2\/product_tag?post=853"}],"curies":[{"name":"wp","href":"https:\/\/api.w.org\/{rel}","templated":true}]}}