{"id":63,"date":"2025-07-03T06:53:23","date_gmt":"2025-07-03T06:53:23","guid":{"rendered":"https:\/\/furuioffsetink.com\/?post_type=product&#038;p=63"},"modified":"2025-07-03T06:54:20","modified_gmt":"2025-07-03T06:54:20","slug":"china-factory-direct-sale-high-quality-eco-friendly-sheet-fed-offset-printing-ink-fast-gross-quick-seting-soy-offset-ink-cmyk","status":"publish","type":"product","link":"https:\/\/furuioffsetink.com\/cs\/produkt\/china-factory-direct-sale-high-quality-eco-friendly-sheet-fed-offset-printing-ink-fast-gross-quick-seting-soy-offset-ink-cmyk\/","title":{"rendered":"\u010c\u00edna Tov\u00e1rna P\u0159\u00edm\u00fd prodej Vysoce kvalitn\u00ed Eco-Friendly Sheet Fed ofsetov\u00fd tisk inkoust Rychl\u00e9 nastaven\u00ed s\u00f3jov\u00fd ofsetov\u00fd inkoust CMYK"},"content":{"rendered":"<p>Typ tisku: Ofsetov\u00fd tisk<br \/>\nTyp:ofsetov\u00fd tisk<br \/>\nTyp inkoustu: ofsetov\u00fd inkoust<br \/>\nM\u00edsto p\u016fvodu: Guangdong, \u010c\u00edna<br \/>\nN\u00e1zev zna\u010dky: Spera<br \/>\n\u010c\u00edslo modelu: FR8161<br \/>\nN\u00e1zev produktu: Natural Earth FR8161<br \/>\nBarva:purpurov\u00e1, \u017elut\u00e1, azurov\u00e1, \u010dern\u00e1<br \/>\nMateri\u00e1l: s\u00f3ja, prysky\u0159ice<br \/>\nCharakteristika: vysok\u00fd lesk<br \/>\nVlastnosti: Vynikaj\u00edc\u00ed efekt pro pap\u00edr<br \/>\nVhodn\u00e1 tisk\u00e1rna: Ofsetov\u00fd tisk<br \/>\nTyp inkoustu: olejov\u00e1 b\u00e1ze<br \/>\nDoba platnosti:3 roky<br \/>\nBalen\u00ed: 1 kg\/konzerva<br \/>\nWechat\/whatsapp:008613711692806<br \/>\nProdejn\u00ed jednotky:Jednotliv\u00e9 polo\u017eky<br \/>\nVelikost jednoho balen\u00ed: 47X30X20 cm<br \/>\nJednotliv\u00e1 celkov\u00e1 hmotnost: 4 000 KG<\/p>\n<p><img decoding=\"async\" class=\"alignnone size-full\" src=\"https:\/\/1688factorys.com\/wp-content\/uploads\/detail_pic_0-581.jpg\" alt=\"\" width=\"790\" \/><\/p>\n<p><img decoding=\"async\" class=\"alignnone size-full\" src=\"https:\/\/1688factorys.com\/wp-content\/uploads\/detail_pic_1-532.jpg\" alt=\"\" width=\"790\" \/><\/p>\n<p><img decoding=\"async\" class=\"alignnone size-full\" src=\"https:\/\/1688factorys.com\/wp-content\/uploads\/detail_pic_2-562.jpg\" alt=\"\" width=\"790\" \/><\/p>\n<p><img decoding=\"async\" class=\"alignnone size-full\" src=\"https:\/\/1688factorys.com\/wp-content\/uploads\/detail_pic_3-552.jpg\" alt=\"\" width=\"790\" \/><\/p>\n<p><img decoding=\"async\" class=\"alignnone size-full\" src=\"https:\/\/1688factorys.com\/wp-content\/uploads\/detail_pic_4-445.jpg\" alt=\"\" width=\"790\" \/><\/p>\n<p><img decoding=\"async\" class=\"alignnone size-full\" src=\"https:\/\/1688factorys.com\/wp-content\/uploads\/detail_pic_5-426.jpg\" alt=\"\" width=\"790\" \/><\/p>\n<p><img decoding=\"async\" class=\"alignnone size-full\" src=\"https:\/\/1688factorys.com\/wp-content\/uploads\/detail_pic_6-100.png\" alt=\"\" width=\"790\" \/><\/p>\n<p><img decoding=\"async\" class=\"alignnone size-full\" src=\"https:\/\/1688factorys.com\/wp-content\/uploads\/detail_pic_7-496.jpg\" alt=\"\" width=\"790\" \/><\/p>\n<p><img decoding=\"async\" class=\"alignnone size-full\" src=\"https:\/\/1688factorys.com\/wp-content\/uploads\/detail_pic_8-102.png\" alt=\"\" width=\"790\" \/><\/p>\n<p><img decoding=\"async\" class=\"alignnone size-full\" src=\"https:\/\/1688factorys.com\/wp-content\/uploads\/detail_pic_9-99.png\" alt=\"\" width=\"790\" \/><\/p>\n<p><img decoding=\"async\" class=\"alignnone size-full\" src=\"https:\/\/1688factorys.com\/wp-content\/uploads\/detail_pic_10-286.jpg\" alt=\"\" width=\"790\" \/><\/p>\n<p><img decoding=\"async\" class=\"alignnone size-full\" src=\"https:\/\/1688factorys.com\/wp-content\/uploads\/detail_pic_11-254.jpg\" alt=\"\" width=\"790\" \/><\/p>\n<p><img decoding=\"async\" class=\"alignnone size-full\" src=\"https:\/\/1688factorys.com\/wp-content\/uploads\/detail_pic_12-161.jpg\" alt=\"\" width=\"790\" \/><\/p>\n<p><img decoding=\"async\" class=\"alignnone size-full\" src=\"https:\/\/1688factorys.com\/wp-content\/uploads\/detail_pic_13-142.jpg\" alt=\"\" width=\"790\" \/><\/p>\n<p><img decoding=\"async\" class=\"alignnone size-full\" src=\"https:\/\/1688factorys.com\/wp-content\/uploads\/detail_pic_14-100.jpg\" alt=\"\" width=\"790\" \/><\/p>\n<p><img decoding=\"async\" class=\"alignnone size-full\" src=\"https:\/\/1688factorys.com\/wp-content\/uploads\/detail_pic_15-58.png\" alt=\"\" width=\"790\" \/><\/p>\n<p><img decoding=\"async\" class=\"alignnone size-full\" src=\"https:\/\/1688factorys.com\/wp-content\/uploads\/detail_pic_16-26.jpg\" alt=\"\" width=\"790\" \/><\/p>","protected":false},"excerpt":{"rendered":"<p>\u010c\u00edna Tov\u00e1rna P\u0159\u00edm\u00fd prodej Vysoce kvalitn\u00ed Eco-Friendly Sheet Fed ofsetov\u00fd tisk inkoust Rychl\u00e9 nastaven\u00ed s\u00f3jov\u00fd ofsetov\u00fd inkoust CMYK<\/p>","protected":false},"featured_media":148,"comment_status":"closed","ping_status":"closed","template":"","meta":{"site-sidebar-layout":"default","site-content-layout":"","ast-site-content-layout":"default","site-content-style":"default","site-sidebar-style":"default","ast-global-header-display":"","ast-banner-title-visibility":"","ast-main-header-display":"","ast-hfb-above-header-display":"","ast-hfb-below-header-display":"","ast-hfb-mobile-header-display":"","site-post-title":"","ast-breadcrumbs-content":"","ast-featured-img":"","footer-sml-layout":"","theme-transparent-header-meta":"default","adv-header-id-meta":"","stick-header-meta":"","header-above-stick-meta":"","header-main-stick-meta":"","header-below-stick-meta":"","astra-migrate-meta-layouts":"set","ast-page-background-enabled":"default","ast-page-background-meta":{"desktop":{"background-color":"var(--ast-global-color-5)","background-image":"","background-repeat":"repeat","background-position":"center center","background-size":"auto","background-attachment":"scroll","background-type":"","background-media":"","overlay-type":"","overlay-color":"","overlay-opacity":"","overlay-gradient":""},"tablet":{"background-color":"","background-image":"","background-repeat":"repeat","background-position":"center center","background-size":"auto","background-attachment":"scroll","background-type":"","background-media":"","overlay-type":"","overlay-color":"","overlay-opacity":"","overlay-gradient":""},"mobile":{"background-color":"","background-image":"","background-repeat":"repeat","background-position":"center center","background-size":"auto","background-attachment":"scroll","background-type":"","background-media":"","overlay-type":"","overlay-color":"","overlay-opacity":"","overlay-gradient":""}},"ast-content-background-meta":{"desktop":{"background-color":"var(--ast-global-color-4)","background-image":"","background-repeat":"repeat","background-position":"center center","background-size":"auto","background-attachment":"scroll","background-type":"","background-media":"","overlay-type":"","overlay-color":"","overlay-opacity":"","overlay-gradient":""},"tablet":{"background-color":"var(--ast-global-color-4)","background-image":"","background-repeat":"repeat","background-position":"center center","background-size":"auto","background-attachment":"scroll","background-type":"","background-media":"","overlay-type":"","overlay-color":"","overlay-opacity":"","overlay-gradient":""},"mobile":{"background-color":"var(--ast-global-color-4)","background-image":"","background-repeat":"repeat","background-position":"center center","background-size":"auto","background-attachment":"scroll","background-type":"","background-media":"","overlay-type":"","overlay-color":"","overlay-opacity":"","overlay-gradient":""}}},"product_brand":[],"product_cat":[19],"product_tag":[],"class_list":{"0":"post-63","1":"product","2":"type-product","3":"status-publish","4":"has-post-thumbnail","6":"product_cat-offset-ink","7":"desktop-align-left","8":"tablet-align-left","9":"mobile-align-left","11":"first","12":"outofstock","13":"shipping-taxable","14":"product-type-variable"},"_links":{"self":[{"href":"https:\/\/furuioffsetink.com\/cs\/wp-json\/wp\/v2\/product\/63","targetHints":{"allow":["GET"]}}],"collection":[{"href":"https:\/\/furuioffsetink.com\/cs\/wp-json\/wp\/v2\/product"}],"about":[{"href":"https:\/\/furuioffsetink.com\/cs\/wp-json\/wp\/v2\/types\/product"}],"replies":[{"embeddable":true,"href":"https:\/\/furuioffsetink.com\/cs\/wp-json\/wp\/v2\/comments?post=63"}],"wp:featuredmedia":[{"embeddable":true,"href":"https:\/\/furuioffsetink.com\/cs\/wp-json\/wp\/v2\/media\/148"}],"wp:attachment":[{"href":"https:\/\/furuioffsetink.com\/cs\/wp-json\/wp\/v2\/media?parent=63"}],"wp:term":[{"taxonomy":"product_brand","embeddable":true,"href":"https:\/\/furuioffsetink.com\/cs\/wp-json\/wp\/v2\/product_brand?post=63"},{"taxonomy":"product_cat","embeddable":true,"href":"https:\/\/furuioffsetink.com\/cs\/wp-json\/wp\/v2\/product_cat?post=63"},{"taxonomy":"product_tag","embeddable":true,"href":"https:\/\/furuioffsetink.com\/cs\/wp-json\/wp\/v2\/product_tag?post=63"}],"curies":[{"name":"wp","href":"https:\/\/api.w.org\/{rel}","templated":true}]}}